{"id":97,"date":"2024-04-24T15:33:02","date_gmt":"2024-04-24T13:33:02","guid":{"rendered":"https:\/\/www.gs-pf-wuerm.de\/web\/?page_id=97"},"modified":"2025-05-07T10:15:20","modified_gmt":"2025-05-07T08:15:20","slug":"foerderverein","status":"publish","type":"page","link":"https:\/\/www.gs-pf-wuerm.de\/web\/foerderverein\/","title":{"rendered":"F\u00f6rderverein"},"content":{"rendered":"\n<p>Im&nbsp;Jahr&nbsp;2001&nbsp;wurde&nbsp;der&nbsp;F\u00f6rderverein&nbsp;f\u00fcr&nbsp;die&nbsp;Grundschule&nbsp;W\u00fcrm&nbsp;gegr\u00fcndet. Der F\u00f6rderverein organisiert mehrmals im Jahr gesellige Zusammenk\u00fcnfte im Bereich der Schule. Zudem unterst\u00fctzt und erm\u00f6glicht er schulische Anschaffungen und Aktionen, die aus dem Schul-Etat nicht bestritten werden k\u00f6nnen. Zu bestimmten Anl\u00e4ssen sorgt der F\u00f6rderverein auch f\u00fcr das&nbsp;leibliche Wohl der Sch\u00fclerinnen und Sch\u00fcler.&nbsp;<\/p>\n\n\n\n<p>Der F\u00f6rderverein ist somit ein wichtiges Bindeglied zwischen Sch\u00fclern, Eltern und Lehrern. Mehrere Elternbeir\u00e4te, die Schulleitung und ihre Stellvertretung sind Mitglieder im F\u00f6rderverein.<\/p>\n\n\n\n<p><strong>F\u00f6rderverein Grundschule W\u00fcrm e.V<\/strong>.&nbsp;<\/p>\n\n\n\n<p>Vorsitzende: Anastasia Schilling&nbsp;<\/p>\n\n\n\n<div class=\"wp-block-file\"><a id=\"wp-block-file--media-05d559b7-07f1-490a-bec6-1b802badab70\" href=\"https:\/\/www.gs-pf-wuerm.de\/web\/wp-content\/uploads\/2025\/05\/Flyer_Foerderverein.pdf\">Flyer_F\u00f6rderverein<\/a><a href=\"https:\/\/www.gs-pf-wuerm.de\/web\/wp-content\/uploads\/2025\/05\/Flyer_Foerderverein.pdf\" class=\"wp-block-file__button wp-element-button\" download aria-describedby=\"wp-block-file--media-05d559b7-07f1-490a-bec6-1b802badab70\">Herunterladen<\/a><\/div>\n\n\n\n<p><\/p>\n","protected":false},"excerpt":{"rendered":"<p>Im&nbsp;Jahr&nbsp;2001&nbsp;wurde&nbsp;der&nbsp;F\u00f6rderverein&nbsp;f\u00fcr&nbsp;die&nbsp;Grundschule&nbsp;W\u00fcrm&nbsp;gegr\u00fcndet. Der F\u00f6rderverein organisiert mehrmals im Jahr gesellige Zusammenk\u00fcnfte im Bereich der Schule. Zudem unterst\u00fctzt und erm\u00f6glicht er schulische Anschaffungen und Aktionen, die aus dem Schul-Etat nicht bestritten werden k\u00f6nnen. Zu bestimmten Anl\u00e4ssen sorgt der F\u00f6rderverein auch f\u00fcr das&nbsp;leibliche Wohl der Sch\u00fclerinnen und Sch\u00fcler.&nbsp; Der F\u00f6rderverein ist somit ein wichtiges Bindeglied zwischen Sch\u00fclern, Eltern und [&hellip;]<\/p>\n","protected":false},"author":1,"featured_media":98,"parent":0,"menu_order":5,"comment_status":"closed","ping_status":"closed","template":"","meta":{"footnotes":""},"class_list":["post-97","page","type-page","status-publish","has-post-thumbnail","hentry"],"_links":{"self":[{"href":"https:\/\/www.gs-pf-wuerm.de\/web\/wp-json\/wp\/v2\/pages\/97","targetHints":{"allow":["GET"]}}],"collection":[{"href":"https:\/\/www.gs-pf-wuerm.de\/web\/wp-json\/wp\/v2\/pages"}],"about":[{"href":"https:\/\/www.gs-pf-wuerm.de\/web\/wp-json\/wp\/v2\/types\/page"}],"author":[{"embeddable":true,"href":"https:\/\/www.gs-pf-wuerm.de\/web\/wp-json\/wp\/v2\/users\/1"}],"replies":[{"embeddable":true,"href":"https:\/\/www.gs-pf-wuerm.de\/web\/wp-json\/wp\/v2\/comments?post=97"}],"version-history":[{"count":11,"href":"https:\/\/www.gs-pf-wuerm.de\/web\/wp-json\/wp\/v2\/pages\/97\/revisions"}],"predecessor-version":[{"id":598,"href":"https:\/\/www.gs-pf-wuerm.de\/web\/wp-json\/wp\/v2\/pages\/97\/revisions\/598"}],"wp:featuredmedia":[{"embeddable":true,"href":"https:\/\/www.gs-pf-wuerm.de\/web\/wp-json\/wp\/v2\/media\/98"}],"wp:attachment":[{"href":"https:\/\/www.gs-pf-wuerm.de\/web\/wp-json\/wp\/v2\/media?parent=97"}],"curies":[{"name":"wp","href":"https:\/\/api.w.org\/{rel}","templated":true}]}}