{"id":47,"date":"2024-04-24T13:19:08","date_gmt":"2024-04-24T11:19:08","guid":{"rendered":"https:\/\/www.gs-pf-wuerm.de\/web\/?page_id=47"},"modified":"2026-01-07T12:51:12","modified_gmt":"2026-01-07T11:51:12","slug":"mitteilungen","status":"publish","type":"page","link":"https:\/\/www.gs-pf-wuerm.de\/web\/mitteilungen\/","title":{"rendered":"Elterninfos"},"content":{"rendered":"\n<p>Liebe Besucher*innen, hier finden Sie die aktuelle Informationen und hilfreiches f\u00fcr den Schulalltag.<\/p>\n\n\n\n<div style=\"height:100px\" aria-hidden=\"true\" class=\"wp-block-spacer\"><\/div>\n\n\n\n<h2 class=\"wp-block-heading\">Schulordnung<\/h2>\n\n\n\n<p>Wir wollen eine Schule sein, in der sich alle wohlf\u00fchlen. Daher beachten wir folgende Regeln:<\/p>\n\n\n\n<div data-wp-interactive=\"core\/file\" class=\"wp-block-file\"><object data-wp-bind--hidden=\"!state.hasPdfPreview\" hidden class=\"wp-block-file__embed\" data=\"https:\/\/www.gs-pf-wuerm.de\/web\/wp-content\/uploads\/2025\/04\/Schulordnung-der-Grundschule-Wuerm.pdf\" type=\"application\/pdf\" style=\"width:100%;height:357px\" aria-label=\"Einbettung von Schulordnung der Grundschule W\u00fcrm.\"><\/object><a id=\"wp-block-file--media-74a1872f-869e-437e-a1b0-70e390540a92\" href=\"https:\/\/www.gs-pf-wuerm.de\/web\/wp-content\/uploads\/2025\/04\/Schulordnung-der-Grundschule-Wuerm.pdf\">Schulordnung der Grundschule W\u00fcrm<\/a><a href=\"https:\/\/www.gs-pf-wuerm.de\/web\/wp-content\/uploads\/2025\/04\/Schulordnung-der-Grundschule-Wuerm.pdf\" class=\"wp-block-file__button wp-element-button\" download aria-describedby=\"wp-block-file--media-74a1872f-869e-437e-a1b0-70e390540a92\">Herunterladen<\/a><\/div>\n\n\n\n<div style=\"height:100px\" aria-hidden=\"true\" class=\"wp-block-spacer\"><\/div>\n\n\n\n<h2 class=\"wp-block-heading\">Wichtige Links:<\/h2>\n\n\n\n<div class=\"wp-block-buttons is-layout-flex wp-block-buttons-is-layout-flex\">\n<div class=\"wp-block-button has-custom-width wp-block-button__width-25\"><a class=\"wp-block-button__link wp-element-button\" href=\"https:\/\/anton.app\/de\/\">Anton Website<\/a><\/div>\n\n\n\n<div class=\"wp-block-button has-custom-width wp-block-button__width-50\"><a class=\"wp-block-button__link has-background wp-element-button\" href=\"https:\/\/mein.westermann.de\/auth\/login\/?scope=openid&amp;response_type=code&amp;client_id=AGFvWYP9&amp;redirect_uri=https:\/\/antolin.westermann.de\/interfaces\/sso\/&amp;state=_17089988211745925796820_&amp;prompt=login\" style=\"background-color:#ffa617\">Antolin<\/a><\/div>\n\n\n\n<div class=\"wp-block-button has-custom-width wp-block-button__width-25\"><a class=\"wp-block-button__link has-background wp-element-button\" href=\"https:\/\/www.fragfinn.de\/\" style=\"background-color:#17a0ff\">Frag Finn<\/a><\/div>\n<\/div>\n\n\n\n<div style=\"height:100px\" aria-hidden=\"true\" class=\"wp-block-spacer\"><\/div>\n\n\n\n<h2 class=\"wp-block-heading\">Ferienpl\u00e4ne<\/h2>\n\n\n\n<p>Alle Ferienpl\u00e4ne finden Sie im Schulplaner ihres Kindes und auf der <a href=\"https:\/\/www.pforzheim.de\/buerger\/bildung\/ferienplan.html\">Website der Stadt Pforzheim<\/a>.<\/p>\n\n\n\n<p>Der Ferienplan f\u00fcr das Schuljahr 2026\/27 ist auch schon herunterladbar.<\/p>\n\n\n\n<div class=\"wp-block-file\"><a id=\"wp-block-file--media-38e43fd9-0989-4e10-b29c-28be46ea0011\" href=\"https:\/\/www.gs-pf-wuerm.de\/web\/wp-content\/uploads\/2026\/01\/Kopie-von-Unterrichtsplan-mit-Ferienuebersicht-PF_2026-2027.xlsx\">Kopie von Unterrichtsplan mit Ferien\u00fcbersicht PF_2026-2027<\/a><a href=\"https:\/\/www.gs-pf-wuerm.de\/web\/wp-content\/uploads\/2026\/01\/Kopie-von-Unterrichtsplan-mit-Ferienuebersicht-PF_2026-2027.xlsx\" class=\"wp-block-file__button wp-element-button\" download aria-describedby=\"wp-block-file--media-38e43fd9-0989-4e10-b29c-28be46ea0011\">Herunterladen<\/a><\/div>\n\n\n\n<div style=\"height:100px\" aria-hidden=\"true\" class=\"wp-block-spacer\"><\/div>\n\n\n\n<p><\/p>\n\n\n\n<h2 class=\"wp-block-heading\">Elternbeiratsvorsitzende<\/h2>\n\n\n\n<p>F\u00fcr das Schuljahr 2025\/26 sind Frau D\u00fcrr und Herr Ackermann als Elternbeiratsvorsitzende gew\u00e4hlt. Wir bedanken uns f\u00fcr die tolle Zusammenarbeit und die Unterst\u00fctzung.<\/p>\n\n\n\n<div style=\"height:100px\" aria-hidden=\"true\" class=\"wp-block-spacer\"><\/div>\n\n\n\n<h2 class=\"wp-block-heading\">Vorgehen bei Fehltagen und Krankheit<\/h2>\n\n\n\n<p>Liebe Eltern,<br>wenn Ihr Kind krank ist oder aus einem anderen wichtigen Grund nicht in die Schule kommen kann, <strong>m\u00fcssen Sie die Schule schnell informieren<\/strong>.<\/p>\n\n\n\n<p>Bitte sagen Sie uns:<\/p>\n\n\n\n<ul class=\"wp-block-list\">\n<li><strong>Warum<\/strong> Ihr Kind fehlt<\/li>\n\n\n\n<li><strong>Wie lange<\/strong> es wahrscheinlich fehlt<\/li>\n<\/ul>\n\n\n\n<p>Sie k\u00f6nnen das telefonisch unter der 07231 391325 tun. <\/p>\n\n\n\n<p><strong>Sprechen Sie uns gerne auf den Anrufbeantworter<\/strong>.<\/p>\n\n\n\n<p><strong>Wichtig<\/strong>: Sp\u00e4testens am <strong>zweiten Tag<\/strong> m\u00fcssen Sie die Schule informieren.<\/p>\n\n\n\n<div style=\"height:100px\" aria-hidden=\"true\" class=\"wp-block-spacer\"><\/div>\n\n\n\n<h2 class=\"wp-block-heading\">Beratungslehrerin<\/h2>\n\n\n\n<p>Frau Leicht ist unsere Beratungslehrerin und steht den Eltern gerne beratend zur Seite. <br>Themen k\u00f6nnen zum Beispiel sein:<\/p>\n\n\n\n<ul class=\"wp-block-list\">\n<li>Wenig Motivation<\/li>\n\n\n\n<li>Konzentrationsprobleme<\/li>\n\n\n\n<li>Schwierigkeiten beim Lernen oder mit Leistungen<\/li>\n\n\n\n<li>Probleme beim Arbeiten oder im Verhalten<\/li>\n\n\n\n<li>Unter- oder \u00dcberforderung<\/li>\n\n\n\n<li>Angst vor der Schule oder vor Pr\u00fcfungen<\/li>\n\n\n\n<li>Fragen zum weiteren Schulweg (mehr Infos: <a class=\"\" href=\"https:\/\/www.bildungsnavi-bw.de\">www.bildungsnavi-bw.de<\/a>)<\/li>\n\n\n\n<li>Wir helfen auch weiter, wenn andere Stellen besser helfen k\u00f6nnen<\/li>\n<\/ul>\n\n\n\n<p><strong>Wichtig bei der Beratung:<\/strong><\/p>\n\n\n\n<ul class=\"wp-block-list\">\n<li>Alles bleibt <strong>vertraulich<\/strong> (wir haben Schweigepflicht)<\/li>\n\n\n\n<li>Die Beratung ist <strong>freiwillig<\/strong><\/li>\n\n\n\n<li>Die Beratung ist <strong>kostenlos<\/strong><\/li>\n<\/ul>\n\n\n\n<p><strong>Unser Ziel:<\/strong><\/p>\n\n\n\n<p>Wir helfen dabei, dass Kinder, Jugendliche und Eltern selbst L\u00f6sungen finden k\u00f6nnen.<\/p>\n\n\n\n<div class=\"wp-block-file\"><a id=\"wp-block-file--media-3317c8b6-8540-4a40-a0cc-fb23ea522066\" href=\"https:\/\/www.gs-pf-wuerm.de\/web\/wp-content\/uploads\/2025\/04\/Beratungslehrerin-Sandra-SimoneLeicht.pdf\" target=\"_blank\" rel=\"noreferrer noopener\">Beratungslehrerin Sandra Leicht<\/a><a href=\"https:\/\/www.gs-pf-wuerm.de\/web\/wp-content\/uploads\/2025\/04\/Beratungslehrerin-Sandra-SimoneLeicht.pdf\" class=\"wp-block-file__button wp-element-button\" download aria-describedby=\"wp-block-file--media-3317c8b6-8540-4a40-a0cc-fb23ea522066\">Herunterladen<\/a><\/div>\n\n\n\n<div class=\"wp-block-file\"><a id=\"wp-block-file--media-5b3492a7-064e-4632-aa9d-4f6023e0ea3d\" href=\"https:\/\/www.gs-pf-wuerm.de\/web\/wp-content\/uploads\/2025\/04\/Anmeldung-zur-Beratung.pdf\" target=\"_blank\" rel=\"noreferrer noopener\">Anmeldung zur Beratung<\/a><a href=\"https:\/\/www.gs-pf-wuerm.de\/web\/wp-content\/uploads\/2025\/04\/Anmeldung-zur-Beratung.pdf\" class=\"wp-block-file__button wp-element-button\" download aria-describedby=\"wp-block-file--media-5b3492a7-064e-4632-aa9d-4f6023e0ea3d\">Herunterladen<\/a><\/div>\n\n\n\n<div style=\"height:100px\" aria-hidden=\"true\" class=\"wp-block-spacer\"><\/div>\n\n\n\n<p><\/p>\n","protected":false},"excerpt":{"rendered":"<p>Liebe Besucher*innen, hier finden Sie die aktuelle Informationen und hilfreiches f\u00fcr den Schulalltag. Schulordnung Wir wollen eine Schule sein, in der sich alle wohlf\u00fchlen. Daher beachten wir folgende Regeln: Wichtige Links: Ferienpl\u00e4ne Alle Ferienpl\u00e4ne finden Sie im Schulplaner ihres Kindes und auf der Website der Stadt Pforzheim. Der Ferienplan f\u00fcr das Schuljahr 2026\/27 ist auch [&hellip;]<\/p>\n","protected":false},"author":1,"featured_media":0,"parent":0,"menu_order":2,"comment_status":"closed","ping_status":"closed","template":"","meta":{"footnotes":""},"class_list":["post-47","page","type-page","status-publish","hentry"],"_links":{"self":[{"href":"https:\/\/www.gs-pf-wuerm.de\/web\/wp-json\/wp\/v2\/pages\/47","targetHints":{"allow":["GET"]}}],"collection":[{"href":"https:\/\/www.gs-pf-wuerm.de\/web\/wp-json\/wp\/v2\/pages"}],"about":[{"href":"https:\/\/www.gs-pf-wuerm.de\/web\/wp-json\/wp\/v2\/types\/page"}],"author":[{"embeddable":true,"href":"https:\/\/www.gs-pf-wuerm.de\/web\/wp-json\/wp\/v2\/users\/1"}],"replies":[{"embeddable":true,"href":"https:\/\/www.gs-pf-wuerm.de\/web\/wp-json\/wp\/v2\/comments?post=47"}],"version-history":[{"count":19,"href":"https:\/\/www.gs-pf-wuerm.de\/web\/wp-json\/wp\/v2\/pages\/47\/revisions"}],"predecessor-version":[{"id":794,"href":"https:\/\/www.gs-pf-wuerm.de\/web\/wp-json\/wp\/v2\/pages\/47\/revisions\/794"}],"wp:attachment":[{"href":"https:\/\/www.gs-pf-wuerm.de\/web\/wp-json\/wp\/v2\/media?parent=47"}],"curies":[{"name":"wp","href":"https:\/\/api.w.org\/{rel}","templated":true}]}}