{"id":111,"date":"2024-04-24T15:52:33","date_gmt":"2024-04-24T13:52:33","guid":{"rendered":"https:\/\/www.gs-pf-wuerm.de\/web\/?page_id=111"},"modified":"2026-01-19T09:46:27","modified_gmt":"2026-01-19T08:46:27","slug":"kernzeitbetreuung","status":"publish","type":"page","link":"https:\/\/www.gs-pf-wuerm.de\/web\/kernzeitbetreuung\/","title":{"rendered":"Kernzeitbetreuung"},"content":{"rendered":"\n<p>Die Kernzeitbetreuung in der Grundschule W\u00fcrm&nbsp;wird in drei Modulen angeboten:&nbsp;<\/p>\n\n\n\n<p class=\"has-text-align-center\">1. Modul:&nbsp;7:30 Uhr bis 13:00 Uhr&nbsp;<\/p>\n\n\n\n<p class=\"has-text-align-center\">2. Modul:&nbsp;7:00 Uhr bis 14:00 Uhr&nbsp;<\/p>\n\n\n\n<p class=\"has-text-align-center\">3. Modul:&nbsp;7:00 Uhr bis 15:00 Uhr&nbsp;<\/p>\n\n\n\n<p>F\u00fcr Kinder, die bis 14:00 Uhr oder 15:00 Uhr betreut&nbsp;werden, wird ein Mittagessen angeboten.&nbsp;<\/p>\n\n\n\n<p>Tr\u00e4ger der Kernzeitbetreuung: <a href=\"https:\/\/www.vhs-pforzheim.de\/\">Volkshochschule&nbsp;Pforzheim&nbsp;<\/a><\/p>\n\n\n\n<p><strong>Die Anmeldung f\u00fcr die Kernzeitbetreuung der VhS<\/strong> <br>l\u00e4uft \u00fcber die zentrale Voranmeldestelle der Stadt Pforzheim: <a href=\"https:\/\/www.pforzheim.de\/anmeldung\/betreuung\">Anmeldelink der Stadt Pforzheim<\/a><\/p>\n\n\n\n<p><a href=\"https:\/\/www.gs-pf-wuerm.de\/web\/wp-content\/uploads\/2025\/12\/Schulkind-Vormerkliste-Flyer-deutsch-2025.pdf\" data-type=\"attachment\" data-id=\"788\">Flyer der Kernzeitanmeldung<\/a><\/p>\n\n\n\n<p><a href=\"https:\/\/www.gs-pf-wuerm.de\/web\/wp-content\/uploads\/2025\/12\/Info-an-die-Eltern-neues-Vorgehen-Anmeldung-Schulkindbetreuung.pdf\" data-type=\"attachment\" data-id=\"789\">Elterninfo der Stadt Pforzheim<\/a><\/p>\n\n\n\n<p>F\u00fcr eine Kontaktaufnahme zur Kernzeitbetreuung der VhS stehen folgende Adressen zur Verf\u00fcgung:\u00a0<\/p>\n\n\n\n<p><strong>1.\u00a0Kernzeitbetreuung an der GS W\u00fcrm<\/strong> <br>(f\u00fcr Anliegen des t\u00e4glichen Betriebs, wie Krankmeldung, \u00c4nderung der Abholzeiten, etc.)\u00a0<\/p>\n\n\n\n<p>Ansprechpartner: Kernzeitbetreuerinnen Schulstra\u00dfe 12a<\/p>\n\n\n\n<p>Tel.: 0172-9879711<\/p>\n\n\n\n<p>Mail: vhskernzeit-wuerm(at)vhs-pforzheim.de&nbsp;<\/p>\n\n\n\n<p><strong>2.\u00a0Kernzeitkoordinatorin der Volkshochschule Pforzheim f\u00fcr die GS W\u00fcrm<\/strong> <br>(F\u00fcr grundlegende Anliegen <strong>nach <\/strong>Platzzusage)<\/p>\n\n\n\n<p>Ansprechpartner: Frau Rau<\/p>\n\n\n\n<p>Telefon: 07231 380029<\/p>\n\n\n\n<p>Mail: rau(at)vhs-pforzheim.de&nbsp;<\/p>\n\n\n\n<p><strong>Von Montag bis Freitag 15.00-16.30 Uhr bietet der\u00a0<a href=\"https:\/\/www.gs-pf-wuerm.de\/web\/foerderverein\/\" data-type=\"page\" data-id=\"97\">F\u00f6rderverein der Grundschule W\u00fcrm<\/a> eine erweiterte\u00a0Betreuung an, <\/strong>wenn Ihr Kind von der VhS einen Betreuungsplatz bis 15:00 Uhr zugesichert bekommen hat.<\/p>\n\n\n\n<p><strong>Die Anmeldung f\u00fcr die erweiterte Betreuung<\/strong> richten Sie bitte an <br><a href=\"mailto:fv-wuerm@web.de\">fv-wuerm@web.de<\/a> (Vorlage der VhS-Platzzusage notwendig!)<\/p>\n\n\n\n<p><\/p>\n\n\n\n<p><\/p>\n\n\n\n<p><\/p>\n\n\n\n<p><\/p>\n","protected":false},"excerpt":{"rendered":"<p>Die Kernzeitbetreuung in der Grundschule W\u00fcrm&nbsp;wird in drei Modulen angeboten:&nbsp; 1. Modul:&nbsp;7:30 Uhr bis 13:00 Uhr&nbsp; 2. Modul:&nbsp;7:00 Uhr bis 14:00 Uhr&nbsp; 3. Modul:&nbsp;7:00 Uhr bis 15:00 Uhr&nbsp; F\u00fcr Kinder, die bis 14:00 Uhr oder 15:00 Uhr betreut&nbsp;werden, wird ein Mittagessen angeboten.&nbsp; Tr\u00e4ger der Kernzeitbetreuung: Volkshochschule&nbsp;Pforzheim&nbsp; Die Anmeldung f\u00fcr die Kernzeitbetreuung der VhS l\u00e4uft \u00fcber [&hellip;]<\/p>\n","protected":false},"author":1,"featured_media":0,"parent":0,"menu_order":6,"comment_status":"closed","ping_status":"closed","template":"","meta":{"footnotes":""},"class_list":["post-111","page","type-page","status-publish","hentry"],"_links":{"self":[{"href":"https:\/\/www.gs-pf-wuerm.de\/web\/wp-json\/wp\/v2\/pages\/111","targetHints":{"allow":["GET"]}}],"collection":[{"href":"https:\/\/www.gs-pf-wuerm.de\/web\/wp-json\/wp\/v2\/pages"}],"about":[{"href":"https:\/\/www.gs-pf-wuerm.de\/web\/wp-json\/wp\/v2\/types\/page"}],"author":[{"embeddable":true,"href":"https:\/\/www.gs-pf-wuerm.de\/web\/wp-json\/wp\/v2\/users\/1"}],"replies":[{"embeddable":true,"href":"https:\/\/www.gs-pf-wuerm.de\/web\/wp-json\/wp\/v2\/comments?post=111"}],"version-history":[{"count":12,"href":"https:\/\/www.gs-pf-wuerm.de\/web\/wp-json\/wp\/v2\/pages\/111\/revisions"}],"predecessor-version":[{"id":797,"href":"https:\/\/www.gs-pf-wuerm.de\/web\/wp-json\/wp\/v2\/pages\/111\/revisions\/797"}],"wp:attachment":[{"href":"https:\/\/www.gs-pf-wuerm.de\/web\/wp-json\/wp\/v2\/media?parent=111"}],"curies":[{"name":"wp","href":"https:\/\/api.w.org\/{rel}","templated":true}]}}